{"id":1765,"date":"2024-05-14T19:50:12","date_gmt":"2024-05-14T19:50:12","guid":{"rendered":"http:\/\/digitalarca.org\/?page_id=1765"},"modified":"2025-04-23T08:10:21","modified_gmt":"2025-04-23T08:10:21","slug":"acasa","status":"publish","type":"page","link":"https:\/\/digitalarca.org\/ro\/","title":{"rendered":"Acasa"},"content":{"rendered":"\t\t<div data-elementor-type=\"wp-page\" data-elementor-id=\"1765\" class=\"elementor elementor-1765 elementor-94\" data-elementor-post-type=\"page\">\n\t\t\t\t<div class=\"elementor-element elementor-element-82921bf e-con-full e-flex e-con e-parent\" data-id=\"82921bf\" data-element_type=\"container\" data-settings=\"{&quot;background_background&quot;:&quot;classic&quot;}\">\n\t\t\t\t<div class=\"elementor-element elementor-element-b93aa5f elementor-widget elementor-widget-template\" data-id=\"b93aa5f\" data-element_type=\"widget\" data-widget_type=\"template.default\">\n\t\t\t\t<div class=\"elementor-widget-container\">\n\t\t\t\t\t\t\t<div class=\"elementor-template\">\n\t\t\t\t\t<div data-elementor-type=\"container\" data-elementor-id=\"1634\" class=\"elementor elementor-1634\" data-elementor-post-type=\"elementor_library\">\n\t\t\t\t<header class=\"elementor-element elementor-element-1e1e7532 e-flex e-con-boxed e-con e-child\" data-id=\"1e1e7532\" data-element_type=\"container\" data-settings=\"{&quot;background_background&quot;:&quot;classic&quot;}\">\n\t\t\t\t\t<div class=\"e-con-inner\">\n\t\t<div class=\"elementor-element elementor-element-5512365a e-con-full e-flex e-con e-child\" data-id=\"5512365a\" data-element_type=\"container\">\n\t\t\t\t<div class=\"elementor-element elementor-element-114b09e8 elementor-widget elementor-widget-image\" data-id=\"114b09e8\" data-element_type=\"widget\" data-widget_type=\"image.default\">\n\t\t\t\t<div class=\"elementor-widget-container\">\n\t\t\t\t\t\t\t\t\t\t\t\t\t\t\t\t<a href=\"https:\/\/digitalarca.org\/ro\/\">\n\t\t\t\t\t\t\t<img fetchpriority=\"high\" decoding=\"async\" width=\"4031\" height=\"779\" src=\"https:\/\/digitalarca.org\/wp-content\/uploads\/2025\/04\/cropped-DIGITAL-ARCALOGO-NEGRU_1-8.png\" class=\"attachment-full size-full wp-image-1424\" alt=\"\" srcset=\"https:\/\/digitalarca.org\/wp-content\/uploads\/2025\/04\/cropped-DIGITAL-ARCALOGO-NEGRU_1-8.png 4031w, https:\/\/digitalarca.org\/wp-content\/uploads\/2025\/04\/cropped-DIGITAL-ARCALOGO-NEGRU_1-8-300x58.png 300w, https:\/\/digitalarca.org\/wp-content\/uploads\/2025\/04\/cropped-DIGITAL-ARCALOGO-NEGRU_1-8-1024x198.png 1024w, https:\/\/digitalarca.org\/wp-content\/uploads\/2025\/04\/cropped-DIGITAL-ARCALOGO-NEGRU_1-8-768x148.png 768w, https:\/\/digitalarca.org\/wp-content\/uploads\/2025\/04\/cropped-DIGITAL-ARCALOGO-NEGRU_1-8-1536x297.png 1536w, https:\/\/digitalarca.org\/wp-content\/uploads\/2025\/04\/cropped-DIGITAL-ARCALOGO-NEGRU_1-8-2048x396.png 2048w\" sizes=\"(max-width: 4031px) 100vw, 4031px\" \/>\t\t\t\t\t\t\t\t<\/a>\n\t\t\t\t\t\t\t\t\t\t\t\t\t\t\t<\/div>\n\t\t\t\t<\/div>\n\t\t\t\t<\/div>\n\t\t<div class=\"elementor-element elementor-element-24c5fa4b e-con-full e-flex e-con e-child\" data-id=\"24c5fa4b\" data-element_type=\"container\">\n\t\t\t\t<div class=\"elementor-element elementor-element-761b32f elementor-nav-menu--stretch elementor-widget__width-auto elementor-nav-menu__text-align-center elementor-nav-menu__align-end elementor-nav-menu--dropdown-tablet elementor-nav-menu--toggle elementor-nav-menu--burger elementor-widget elementor-widget-global elementor-global-1692 elementor-widget-nav-menu\" data-id=\"761b32f\" data-element_type=\"widget\" data-settings=\"{&quot;full_width&quot;:&quot;stretch&quot;,&quot;layout&quot;:&quot;horizontal&quot;,&quot;submenu_icon&quot;:{&quot;value&quot;:&quot;fas fa-caret-down&quot;,&quot;library&quot;:&quot;fa-solid&quot;},&quot;toggle&quot;:&quot;burger&quot;}\" data-widget_type=\"nav-menu.default\">\n\t\t\t\t<div class=\"elementor-widget-container\">\n\t\t\t\t\t\t\t\t<nav class=\"elementor-nav-menu--main elementor-nav-menu__container elementor-nav-menu--layout-horizontal e--pointer-underline e--animation-fade\">\n\t\t\t\t<ul id=\"menu-1-761b32f\" class=\"elementor-nav-menu\"><li class=\"menu-item menu-item-type-post_type menu-item-object-page menu-item-home menu-item-225\"><a href=\"https:\/\/digitalarca.org\/home\/\" class=\"elementor-item\">Acasa<\/a><\/li>\n<li class=\"menu-item menu-item-type-post_type menu-item-object-page menu-item-871\"><a href=\"https:\/\/digitalarca.org\/about\/\" class=\"elementor-item\">Despre<\/a><\/li>\n<li class=\"menu-item menu-item-type-post_type menu-item-object-page menu-item-570\"><a href=\"https:\/\/digitalarca.org\/projects\/\" class=\"elementor-item\">Proiecte<\/a><\/li>\n<li class=\"menu-item menu-item-type-post_type menu-item-object-page menu-item-585\"><a href=\"https:\/\/digitalarca.org\/contact\/\" class=\"elementor-item\">Contact<\/a><\/li>\n<li class=\"menu-item wpml-ls-slot-4 wpml-ls-item wpml-ls-item-en wpml-ls-menu-item wpml-ls-first-item wpml-ls-last-item menu-item-type-wpml_ls_menu_item menu-item-object-wpml_ls_menu_item menu-item-wpml-ls-4-en\"><a href=\"https:\/\/digitalarca.org\/\" title=\"English\" class=\"elementor-item\"><img decoding=\"async\"\n            class=\"wpml-ls-flag\"\n            src=\"https:\/\/digitalarca.org\/wp-content\/plugins\/sitepress-multilingual-cms\/res\/flags\/en.svg\"\n            alt=\"\"\n            \n            \n    \/><span class=\"wpml-ls-native\" lang=\"en\">English<\/span><\/a><\/li>\n<\/ul>\t\t\t<\/nav>\n\t\t\t\t\t<div class=\"elementor-menu-toggle\" role=\"button\" tabindex=\"0\" aria-label=\"Menu Toggle\" aria-expanded=\"false\">\n\t\t\t<svg aria-hidden=\"true\" role=\"presentation\" class=\"elementor-menu-toggle__icon--open e-font-icon-svg e-eicon-menu-bar\" viewBox=\"0 0 1000 1000\" xmlns=\"https:\/\/www.w3.org\/2000\/svg\"><path d=\"M104 333H896C929 333 958 304 958 271S929 208 896 208H104C71 208 42 237 42 271S71 333 104 333ZM104 583H896C929 583 958 554 958 521S929 458 896 458H104C71 458 42 487 42 521S71 583 104 583ZM104 833H896C929 833 958 804 958 771S929 708 896 708H104C71 708 42 737 42 771S71 833 104 833Z\"><\/path><\/svg><svg aria-hidden=\"true\" role=\"presentation\" class=\"elementor-menu-toggle__icon--close e-font-icon-svg e-eicon-close\" viewBox=\"0 0 1000 1000\" xmlns=\"https:\/\/www.w3.org\/2000\/svg\"><path d=\"M742 167L500 408 258 167C246 154 233 150 217 150 196 150 179 158 167 167 154 179 150 196 150 212 150 229 154 242 171 254L408 500 167 742C138 771 138 800 167 829 196 858 225 858 254 829L496 587 738 829C750 842 767 846 783 846 800 846 817 842 829 829 842 817 846 804 846 783 846 767 842 750 829 737L588 500 833 258C863 229 863 200 833 171 804 137 775 137 742 167Z\"><\/path><\/svg>\t\t\t<span class=\"elementor-screen-only\">Meniu<\/span>\n\t\t<\/div>\n\t\t\t\t\t<nav class=\"elementor-nav-menu--dropdown elementor-nav-menu__container\" aria-hidden=\"true\">\n\t\t\t\t<ul id=\"menu-2-761b32f\" class=\"elementor-nav-menu\"><li class=\"menu-item menu-item-type-post_type menu-item-object-page menu-item-home menu-item-225\"><a href=\"https:\/\/digitalarca.org\/home\/\" class=\"elementor-item\" tabindex=\"-1\">Acasa<\/a><\/li>\n<li class=\"menu-item menu-item-type-post_type menu-item-object-page menu-item-871\"><a href=\"https:\/\/digitalarca.org\/about\/\" class=\"elementor-item\" tabindex=\"-1\">Despre<\/a><\/li>\n<li class=\"menu-item menu-item-type-post_type menu-item-object-page menu-item-570\"><a href=\"https:\/\/digitalarca.org\/projects\/\" class=\"elementor-item\" tabindex=\"-1\">Proiecte<\/a><\/li>\n<li class=\"menu-item menu-item-type-post_type menu-item-object-page menu-item-585\"><a href=\"https:\/\/digitalarca.org\/contact\/\" class=\"elementor-item\" tabindex=\"-1\">Contact<\/a><\/li>\n<li class=\"menu-item wpml-ls-slot-4 wpml-ls-item wpml-ls-item-en wpml-ls-menu-item wpml-ls-first-item wpml-ls-last-item menu-item-type-wpml_ls_menu_item menu-item-object-wpml_ls_menu_item menu-item-wpml-ls-4-en\"><a href=\"https:\/\/digitalarca.org\/\" title=\"English\" class=\"elementor-item\" tabindex=\"-1\"><img decoding=\"async\"\n            class=\"wpml-ls-flag\"\n            src=\"https:\/\/digitalarca.org\/wp-content\/plugins\/sitepress-multilingual-cms\/res\/flags\/en.svg\"\n            alt=\"\"\n            \n            \n    \/><span class=\"wpml-ls-native\" lang=\"en\">English<\/span><\/a><\/li>\n<\/ul>\t\t\t<\/nav>\n\t\t\t\t\t\t<\/div>\n\t\t\t\t<\/div>\n\t\t\t\t<\/div>\n\t\t\t\t\t<\/div>\n\t\t\t\t<\/header>\n\t\t\t\t<\/div>\n\t\t\t\t<\/div>\n\t\t\t\t\t\t<\/div>\n\t\t\t\t<\/div>\n\t\t<div class=\"elementor-element elementor-element-58f080d e-flex e-con-boxed e-con e-child\" data-id=\"58f080d\" data-element_type=\"container\">\n\t\t\t\t\t<div class=\"e-con-inner\">\n\t\t\t\t<div class=\"elementor-element elementor-element-21b4134 elementor-invisible elementor-widget elementor-widget-heading\" data-id=\"21b4134\" data-element_type=\"widget\" data-settings=\"{&quot;_animation&quot;:&quot;fadeInDown&quot;,&quot;_animation_delay&quot;:300}\" data-widget_type=\"heading.default\">\n\t\t\t\t<div class=\"elementor-widget-container\">\n\t\t\t\t\t<h6 class=\"elementor-heading-title elementor-size-default\"><a href=\"https:\/\/radoi.com\">Digital Arca - Un proiect R\u0103doi Engineering<\/a><\/h6>\t\t\t\t<\/div>\n\t\t\t\t<\/div>\n\t\t\t\t<div class=\"elementor-element elementor-element-f41eafa elementor-widget__width-initial elementor-widget-tablet__width-inherit elementor-invisible elementor-widget elementor-widget-text-editor\" data-id=\"f41eafa\" data-element_type=\"widget\" data-settings=\"{&quot;_animation&quot;:&quot;fadeInDown&quot;,&quot;_animation_delay&quot;:0}\" data-widget_type=\"text-editor.default\">\n\t\t\t\t<div class=\"elementor-widget-container\">\n\t\t\t\t\t\t\t\t\t\u00cembin\u00e2nd trecutul cu tehnologia modern\u0103, utiliz\u0103m scanarea 3D avansat\u0103 pentru a p\u0103stra digital cele mai valoroase monumente istorice ale lumii.\t\t\t\t\t\t\t\t<\/div>\n\t\t\t\t<\/div>\n\t\t<div class=\"elementor-element elementor-element-85ed99f e-con-full animated-fast e-flex elementor-invisible e-con e-child\" data-id=\"85ed99f\" data-element_type=\"container\" data-settings=\"{&quot;animation&quot;:&quot;fadeInUp&quot;,&quot;animation_delay&quot;:300}\">\n\t\t\t\t<div class=\"elementor-element elementor-element-549304e elementor-widget-tablet__width-auto elementor-widget-mobile__width-auto elementor-widget elementor-widget-button\" data-id=\"549304e\" data-element_type=\"widget\" data-settings=\"{&quot;_animation&quot;:&quot;none&quot;,&quot;_animation_delay&quot;:300}\" data-widget_type=\"button.default\">\n\t\t\t\t<div class=\"elementor-widget-container\">\n\t\t\t\t\t\t\t\t\t<div class=\"elementor-button-wrapper\">\n\t\t\t\t\t<a class=\"elementor-button elementor-button-link elementor-size-sm\" href=\"https:\/\/digitalarca.org\/ro\/proiecte\/\">\n\t\t\t\t\t\t<span class=\"elementor-button-content-wrapper\">\n\t\t\t\t\t\t\t\t\t<span class=\"elementor-button-text\">Proiectele noastre<\/span>\n\t\t\t\t\t<\/span>\n\t\t\t\t\t<\/a>\n\t\t\t\t<\/div>\n\t\t\t\t\t\t\t\t<\/div>\n\t\t\t\t<\/div>\n\t\t\t\t<div class=\"elementor-element elementor-element-4ab3419 elementor-widget-tablet__width-auto elementor-widget-mobile__width-auto elementor-widget elementor-widget-button\" data-id=\"4ab3419\" data-element_type=\"widget\" data-settings=\"{&quot;_animation&quot;:&quot;none&quot;,&quot;_animation_delay&quot;:300}\" data-widget_type=\"button.default\">\n\t\t\t\t<div class=\"elementor-widget-container\">\n\t\t\t\t\t\t\t\t\t<div class=\"elementor-button-wrapper\">\n\t\t\t\t\t<a class=\"elementor-button elementor-button-link elementor-size-sm\" href=\"https:\/\/digitalarca.org\/ro\/despre\/\">\n\t\t\t\t\t\t<span class=\"elementor-button-content-wrapper\">\n\t\t\t\t\t\t\t\t\t<span class=\"elementor-button-text\">Despre noi<\/span>\n\t\t\t\t\t<\/span>\n\t\t\t\t\t<\/a>\n\t\t\t\t<\/div>\n\t\t\t\t\t\t\t\t<\/div>\n\t\t\t\t<\/div>\n\t\t\t\t<\/div>\n\t\t\t\t\t<\/div>\n\t\t\t\t<\/div>\n\t\t\t\t<\/div>\n\t\t<div class=\"elementor-element elementor-element-b8e339b e-flex e-con-boxed elementor-invisible e-con e-parent\" data-id=\"b8e339b\" data-element_type=\"container\" data-settings=\"{&quot;background_background&quot;:&quot;classic&quot;,&quot;animation&quot;:&quot;fadeIn&quot;}\">\n\t\t\t\t\t<div class=\"e-con-inner\">\n\t\t<div class=\"elementor-element elementor-element-51d952d e-con-full e-flex e-con e-child\" data-id=\"51d952d\" data-element_type=\"container\">\n\t\t\t\t<div class=\"elementor-element elementor-element-6c7bcee elementor-widget__width-auto yellow-underline-big elementor-widget elementor-widget-heading\" data-id=\"6c7bcee\" data-element_type=\"widget\" data-widget_type=\"heading.default\">\n\t\t\t\t<div class=\"elementor-widget-container\">\n\t\t\t\t\t<h2 class=\"elementor-heading-title elementor-size-default\">Proiecte<\/h2>\t\t\t\t<\/div>\n\t\t\t\t<\/div>\n\t\t\t\t<\/div>\n\t\t\t\t\t<\/div>\n\t\t\t\t<\/div>\n\t\t<div class=\"elementor-element elementor-element-6c77f32 e-flex e-con-boxed elementor-invisible e-con e-parent\" data-id=\"6c77f32\" data-element_type=\"container\" data-settings=\"{&quot;animation&quot;:&quot;fadeIn&quot;}\">\n\t\t\t\t\t<div class=\"e-con-inner\">\n\t\t<div class=\"elementor-element elementor-element-2080a39 e-con-full e-flex e-con e-child\" data-id=\"2080a39\" data-element_type=\"container\">\n\t\t\t\t<div class=\"elementor-element elementor-element-121d2bb elementor-widget elementor-widget-custom-recent-projects\" data-id=\"121d2bb\" data-element_type=\"widget\" data-widget_type=\"custom-recent-projects.default\">\n\t\t\t\t<div class=\"elementor-widget-container\">\n\t\t\t\t\t<div id=\"itemsGrid\">                <a href=\"https:\/\/digitalarca.org\/ro\/project\/palatul-kretzulescu\/\">\r\n                    <div class=\"itemOuter\">\r\n\r\n                        <div class=\"itemTop\" style=\"background-image:url('https:\/\/digitalarca.org\/wp-content\/uploads\/2024\/10\/Palatul_Kretzulescu_vazut_spate_din_parcul_Cismigiu_-_2009.04.18-768x576.jpg')\">\r\n                            <div class=\"plusOuter\"><span class=\"plus\"><\/span><\/div>\r\n                        <\/div>\r\n                        <div class=\"itemBottom\">\r\n                            <div class=\"expectText\">Rom\u00e2nia<\/div>\r\n                            <div class=\"expectTitle\">Palatul Kretzulescu<\/div>\r\n                        <\/div>\r\n                    <\/div>\r\n\r\n                <\/a>\r\n                                <a href=\"https:\/\/digitalarca.org\/ro\/project\/manastirea-dragomirna\/\">\r\n                    <div class=\"itemOuter\">\r\n\r\n                        <div class=\"itemTop\" style=\"background-image:url('https:\/\/digitalarca.org\/wp-content\/uploads\/2024\/10\/Manastirea-Dragomirna1-768x563.jpg')\">\r\n                            <div class=\"plusOuter\"><span class=\"plus\"><\/span><\/div>\r\n                        <\/div>\r\n                        <div class=\"itemBottom\">\r\n                            <div class=\"expectText\">Suceava, Rom\u00e2nia<\/div>\r\n                            <div class=\"expectTitle\">M\u0103n\u0103stirea Dragomirna<\/div>\r\n                        <\/div>\r\n                    <\/div>\r\n\r\n                <\/a>\r\n                                <a href=\"https:\/\/digitalarca.org\/ro\/project\/biserica-sf-enoh-ilie-si-ioan-teologul\/\">\r\n                    <div class=\"itemOuter\">\r\n\r\n                        <div class=\"itemTop\" style=\"background-image:url('https:\/\/digitalarca.org\/wp-content\/uploads\/2024\/10\/Manastirea_Dragomirna36-768x576.jpg')\">\r\n                            <div class=\"plusOuter\"><span class=\"plus\"><\/span><\/div>\r\n                        <\/div>\r\n                        <div class=\"itemBottom\">\r\n                            <div class=\"expectText\">Rom\u00e2nia<\/div>\r\n                            <div class=\"expectTitle\">Biserica Sf. Enoh, Ilie \u0219i Ioan Teologul<\/div>\r\n                        <\/div>\r\n                    <\/div>\r\n\r\n                <\/a>\r\n                                <a href=\"https:\/\/digitalarca.org\/ro\/project\/capela-sfanta-treime\/\">\r\n                    <div class=\"itemOuter\">\r\n\r\n                        <div class=\"itemTop\" style=\"background-image:url('https:\/\/digitalarca.org\/wp-content\/uploads\/2024\/10\/Capela_Sfanta_Treime_a_Palatului_Stirbei-768x512.jpg')\">\r\n                            <div class=\"plusOuter\"><span class=\"plus\"><\/span><\/div>\r\n                        <\/div>\r\n                        <div class=\"itemBottom\">\r\n                            <div class=\"expectText\">Rom\u00e2nia<\/div>\r\n                            <div class=\"expectTitle\">Capela Sf\u00e2nta Treime<\/div>\r\n                        <\/div>\r\n                    <\/div>\r\n\r\n                <\/a>\r\n                                <a href=\"https:\/\/digitalarca.org\/ro\/project\/biserica-de-lemn-sfantul-nicolae\/\">\r\n                    <div class=\"itemOuter\">\r\n\r\n                        <div class=\"itemTop\" style=\"background-image:url('https:\/\/digitalarca.org\/wp-content\/uploads\/2024\/10\/Biserica_Sfintul_Nicolae-768x511.jpg')\">\r\n                            <div class=\"plusOuter\"><span class=\"plus\"><\/span><\/div>\r\n                        <\/div>\r\n                        <div class=\"itemBottom\">\r\n                            <div class=\"expectText\">Rom\u00e2nia<\/div>\r\n                            <div class=\"expectTitle\">Biserica de lemn Sf\u00e2ntul Nicolae<\/div>\r\n                        <\/div>\r\n                    <\/div>\r\n\r\n                <\/a>\r\n                                <a href=\"https:\/\/digitalarca.org\/ro\/project\/biserica-sfantul-ilie\/\">\r\n                    <div class=\"itemOuter\">\r\n\r\n                        <div class=\"itemTop\" style=\"background-image:url('https:\/\/digitalarca.org\/wp-content\/uploads\/2024\/10\/Biserica_Sfantul_Ilie_din_Sfantu_Ilie7-768x576.jpg')\">\r\n                            <div class=\"plusOuter\"><span class=\"plus\"><\/span><\/div>\r\n                        <\/div>\r\n                        <div class=\"itemBottom\">\r\n                            <div class=\"expectText\">Rom\u00e2nia<\/div>\r\n                            <div class=\"expectTitle\">Biserica Sf\u00e2ntul Ilie<\/div>\r\n                        <\/div>\r\n                    <\/div>\r\n\r\n                <\/a>\r\n                <\/div>\t\t\t\t<\/div>\n\t\t\t\t<\/div>\n\t\t\t\t<\/div>\n\t\t\t\t\t<\/div>\n\t\t\t\t<\/div>\n\t\t\t\t<\/div>\n\t\t","protected":false},"excerpt":{"rendered":"<p>Proiectele noastre Despre noi Proiecte Rom\u00e2nia Palatul Kretzulescu Suceava, Rom\u00e2nia M\u0103n\u0103stirea Dragomirna Rom\u00e2nia Biserica Sf. Enoh, Ilie \u0219i Ioan Teologul Rom\u00e2nia Capela Sf\u00e2nta Treime Rom\u00e2nia Biserica de lemn Sf\u00e2ntul Nicolae Rom\u00e2nia Biserica Sf\u00e2ntul Ilie<\/p>\n","protected":false},"author":1,"featured_media":0,"parent":0,"menu_order":0,"comment_status":"closed","ping_status":"closed","template":"","meta":{"_acf_changed":false,"footnotes":""},"class_list":["post-1765","page","type-page","status-publish","hentry"],"acf":[],"_links":{"self":[{"href":"https:\/\/digitalarca.org\/ro\/wp-json\/wp\/v2\/pages\/1765","targetHints":{"allow":["GET"]}}],"collection":[{"href":"https:\/\/digitalarca.org\/ro\/wp-json\/wp\/v2\/pages"}],"about":[{"href":"https:\/\/digitalarca.org\/ro\/wp-json\/wp\/v2\/types\/page"}],"author":[{"embeddable":true,"href":"https:\/\/digitalarca.org\/ro\/wp-json\/wp\/v2\/users\/1"}],"replies":[{"embeddable":true,"href":"https:\/\/digitalarca.org\/ro\/wp-json\/wp\/v2\/comments?post=1765"}],"version-history":[{"count":5,"href":"https:\/\/digitalarca.org\/ro\/wp-json\/wp\/v2\/pages\/1765\/revisions"}],"predecessor-version":[{"id":1779,"href":"https:\/\/digitalarca.org\/ro\/wp-json\/wp\/v2\/pages\/1765\/revisions\/1779"}],"wp:attachment":[{"href":"https:\/\/digitalarca.org\/ro\/wp-json\/wp\/v2\/media?parent=1765"}],"curies":[{"name":"wp","href":"https:\/\/api.w.org\/{rel}","templated":true}]}}